{"id":399,"date":"2020-09-07T13:34:16","date_gmt":"2020-09-07T13:34:16","guid":{"rendered":"http:\/\/www.copenhagencamping.dk?page_id=399"},"modified":"2026-03-24T22:40:52","modified_gmt":"2026-03-24T20:40:52","slug":"dragoer","status":"publish","type":"page","link":"https:\/\/www.copenhagencamping.dk\/de\/dragoer\/","title":{"rendered":"Drag\u00f8r"},"content":{"rendered":"[vc_row type=&#8220;full_width_content&#8220; full_screen_row_position=&#8220;middle&#8220; column_margin=&#8220;default&#8220; equal_height=&#8220;yes&#8220; content_placement=&#8220;middle&#8220; column_direction=&#8220;default&#8220; column_direction_tablet=&#8220;default&#8220; column_direction_phone=&#8220;default&#8220; bg_color=&#8220;#ffffff&#8220; scene_position=&#8220;center&#8220; text_color=&#8220;dark&#8220; text_align=&#8220;left&#8220; row_border_radius=&#8220;none&#8220; row_border_radius_applies=&#8220;bg&#8220; overlay_strength=&#8220;0.3&#8243; gradient_direction=&#8220;left_to_right&#8220; shape_divider_position=&#8220;bottom&#8220; bg_image_animation=&#8220;none&#8220;][vc_column column_padding=&#8220;padding-4-percent&#8220; column_padding_tablet=&#8220;inherit&#8220; column_padding_phone=&#8220;inherit&#8220; column_padding_position=&#8220;all&#8220; background_color=&#8220;#ffffff&#8220; background_color_opacity=&#8220;1&#8243; background_hover_color_opacity=&#8220;1&#8243; column_shadow=&#8220;none&#8220; column_border_radius=&#8220;none&#8220; column_link_target=&#8220;_self&#8220; gradient_direction=&#8220;left_to_right&#8220; overlay_strength=&#8220;0.3&#8243; width=&#8220;1\/2&#8243; tablet_width_inherit=&#8220;default&#8220; tablet_text_alignment=&#8220;default&#8220; phone_text_alignment=&#8220;default&#8220; column_border_width=&#8220;none&#8220; column_border_style=&#8220;solid&#8220; bg_image_animation=&#8220;none&#8220;][vc_row_inner column_margin=&#8220;default&#8220; column_direction=&#8220;default&#8220; column_direction_tablet=&#8220;default&#8220; column_direction_phone=&#8220;default&#8220; text_align=&#8220;left&#8220;][vc_column_inner column_padding=&#8220;no-extra-padding&#8220; column_padding_tablet=&#8220;inherit&#8220; column_padding_phone=&#8220;inherit&#8220; column_padding_position=&#8220;all&#8220; background_color_opacity=&#8220;1&#8243; background_hover_color_opacity=&#8220;1&#8243; column_shadow=&#8220;none&#8220; column_border_radius=&#8220;none&#8220; column_link_target=&#8220;_self&#8220; gradient_direction=&#8220;left_to_right&#8220; overlay_strength=&#8220;0.3&#8243; width=&#8220;1\/1&#8243; tablet_width_inherit=&#8220;default&#8220; column_border_width=&#8220;none&#8220; column_border_style=&#8220;solid&#8220; bg_image_animation=&#8220;none&#8220; enable_animation=&#8220;true&#8220; animation=&#8220;fade-in-from-bottom&#8220;][vc_custom_heading text=&#8220;Drag\u00f8r&#8220; font_container=&#8220;tag:h2|font_size:40|text_align:left|color:%23dd9933|line_height:50px&#8220; use_theme_fonts=&#8220;yes&#8220;][vc_column_text]<strong>Die Gemeinde in Drag\u00f6r ist etwas ganz Besonders. Einerseits sind es nur 12 km bis ins Herz des d\u00e4nischen Hauptstadt Kopenhagen, anderseits sucht die bevorzugte Lage in der sch\u00f6nen Natur am \u00d6resund, umgeben von Feldern, Strandwiesen und Wald.<br \/>\n<\/strong><\/p>\n<p>Das macht es Perfekt zu Camping! Die alten D\u00f6rfer Drag\u00f6r und Store Magleby sind einzigartig. Wir besitzen einen lebendigen aktiven Hafen mit Fischerbooten und Freizeitseglen, gute Gesch\u00e4ften, attraktive Speiselokale f\u00fcr jeden Geschmack und Geldbeutel, interessante Museen, sch\u00f6ne Wohnviertel \u2013 und eine unvergleichliche Stimmung.<br \/>\nWegen der idealen Lage leben seit undenklichen Zeiten Menschen in Drag\u00f6r. Im Mittelalter, als es gro\u00dfe Mengen Heringen im Sund gab, war Drag\u00f6r international bekannt als ein wichtiger und emsiger Marktplatz der Hansekaufleute. Aber als der Hering verschwand ebbte auch das Gesch\u00e4ftsleben aus.[\/vc_column_text][vc_column_text css=&#8220;.vc_custom_1599485570017{padding-top: 7px !important;}&#8220;]Zu beginn des 17. Jahrhunderts wurde der erste richtige Hafen des Ortes von jenen Holl\u00e4ndern angelegt, die sich 1521 in Store Magleby angesiedelt hatten. Sie verschiffen Pferde von der Mole aus, und einige von ihnen lie\u00dfen sich als Skipper in der Stadt nieder. Es kamen auch andere Leute nach Drag\u00f6r, insbesondere aus Schonen, die nicht Schweden werden wollten, als D\u00e4nemark 1658 Schonen an Schweden abtreten musste. Die Stadt bl\u00fchte und wurde ein lebhafte Seefahrtsstadt, deren m\u00e4nnliche.<\/p>\n<p>Einwohner ihre Familie durch Frachfahrten auf den Weltmeeren, als Lotsen fremder Schiffe durch die schmale Fahrrinne bei Drogden vor Drag\u00f6r oder als Bergungsleute von vor der Fahrrinne gestrandet Schiffen ern\u00e4hrten. Die Skipper von Drag\u00f6r waren wohlhabende und geachtete Leute. Heute spielt die Seefahrt keine Rolle mehr f\u00fcr die Stadt.<\/p>\n<p>Der Stadtplan der Altstadt besteht aus Ost-West verlaufenden Strassen und Nord-S\u00fcd verlaufenden Gassen mit eingestreuten kleinen Pl\u00e4tzen. Viele der H\u00e4user haben ihre eigene spannende Geschichte.<\/p>\n<p>Die meisten der reizvollen, gelben H\u00e4user in der Altstadt von Drag\u00f6r wurden ab ende des 18.Jarhunderts bis 1850 erbaut. 25% der H\u00e4user stehen unter Denkmalschutz, alle unterliegen dem \u201eBewahrungs-Bebauungsplan\u201c, der sicherstellt, dass das ganz besondere Milieu des Ortes erhalten bleibt.[\/vc_column_text][\/vc_column_inner][\/vc_row_inner][\/vc_column][vc_column column_padding=&#8220;no-extra-padding&#8220; column_padding_tablet=&#8220;inherit&#8220; column_padding_phone=&#8220;inherit&#8220; column_padding_position=&#8220;all&#8220; background_color_opacity=&#8220;1&#8243; background_hover_color_opacity=&#8220;1&#8243; background_image=&#8220;745&#8243; background_image_position=&#8220;center top&#8220; enable_bg_scale=&#8220;true&#8220; column_shadow=&#8220;none&#8220; column_border_radius=&#8220;none&#8220; column_link_target=&#8220;_self&#8220; gradient_direction=&#8220;left_to_right&#8220; overlay_strength=&#8220;0.3&#8243; width=&#8220;1\/2&#8243; tablet_width_inherit=&#8220;default&#8220; tablet_text_alignment=&#8220;default&#8220; phone_text_alignment=&#8220;default&#8220; column_border_width=&#8220;none&#8220; column_border_style=&#8220;solid&#8220; bg_image_animation=&#8220;none&#8220;][\/vc_column][\/vc_row][vc_row type=&#8220;full_width_content&#8220; full_screen_row_position=&#8220;middle&#8220; column_margin=&#8220;default&#8220; equal_height=&#8220;yes&#8220; content_placement=&#8220;middle&#8220; column_direction=&#8220;default&#8220; column_direction_tablet=&#8220;default&#8220; column_direction_phone=&#8220;default&#8220; scene_position=&#8220;center&#8220; text_color=&#8220;dark&#8220; text_align=&#8220;left&#8220; row_border_radius=&#8220;none&#8220; row_border_radius_applies=&#8220;bg&#8220; overlay_strength=&#8220;0.3&#8243; gradient_direction=&#8220;left_to_right&#8220; shape_divider_position=&#8220;bottom&#8220; bg_image_animation=&#8220;none&#8220; shape_type=&#8220;&#8220;][vc_column column_padding=&#8220;no-extra-padding&#8220; column_padding_tablet=&#8220;inherit&#8220; column_padding_phone=&#8220;inherit&#8220; column_padding_position=&#8220;all&#8220; background_color_opacity=&#8220;1&#8243; background_hover_color_opacity=&#8220;1&#8243; background_image=&#8220;711&#8243; background_image_position=&#8220;center center&#8220; enable_bg_scale=&#8220;true&#8220; column_shadow=&#8220;none&#8220; column_border_radius=&#8220;none&#8220; column_link_target=&#8220;_self&#8220; gradient_direction=&#8220;left_to_right&#8220; overlay_strength=&#8220;0.3&#8243; width=&#8220;1\/2&#8243; tablet_width_inherit=&#8220;default&#8220; tablet_text_alignment=&#8220;default&#8220; phone_text_alignment=&#8220;default&#8220; column_border_width=&#8220;none&#8220; column_border_style=&#8220;solid&#8220; bg_image_animation=&#8220;none&#8220;][\/vc_column][vc_column column_padding=&#8220;padding-4-percent&#8220; column_padding_tablet=&#8220;inherit&#8220; column_padding_phone=&#8220;inherit&#8220; column_padding_position=&#8220;all&#8220; background_color=&#8220;#ffffff&#8220; background_color_opacity=&#8220;1&#8243; background_hover_color_opacity=&#8220;1&#8243; column_shadow=&#8220;none&#8220; column_border_radius=&#8220;none&#8220; column_link_target=&#8220;_self&#8220; gradient_direction=&#8220;left_to_right&#8220; overlay_strength=&#8220;0.3&#8243; width=&#8220;1\/2&#8243; tablet_width_inherit=&#8220;default&#8220; tablet_text_alignment=&#8220;default&#8220; phone_text_alignment=&#8220;default&#8220; column_border_width=&#8220;none&#8220; column_border_style=&#8220;solid&#8220; bg_image_animation=&#8220;none&#8220;][vc_row_inner column_margin=&#8220;default&#8220; column_direction=&#8220;default&#8220; column_direction_tablet=&#8220;default&#8220; column_direction_phone=&#8220;default&#8220; text_align=&#8220;left&#8220;][vc_column_inner column_padding=&#8220;no-extra-padding&#8220; column_padding_tablet=&#8220;inherit&#8220; column_padding_phone=&#8220;inherit&#8220; column_padding_position=&#8220;all&#8220; background_color_opacity=&#8220;1&#8243; background_hover_color_opacity=&#8220;1&#8243; column_shadow=&#8220;none&#8220; column_border_radius=&#8220;none&#8220; column_link_target=&#8220;_self&#8220; gradient_direction=&#8220;left_to_right&#8220; overlay_strength=&#8220;0.3&#8243; width=&#8220;1\/1&#8243; tablet_width_inherit=&#8220;default&#8220; column_border_width=&#8220;none&#8220; column_border_style=&#8220;solid&#8220; bg_image_animation=&#8220;none&#8220; enable_animation=&#8220;true&#8220; animation=&#8220;fade-in-from-bottom&#8220;][vc_custom_heading text=&#8220;Eine alte Stadt ..&#8220; font_container=&#8220;tag:h2|font_size:40|text_align:left|color:%23dd9933|line_height:50px&#8220; use_theme_fonts=&#8220;yes&#8220;][vc_column_text]<strong>Store Magleby \u2013 das Holl\u00e4nderdorf<\/strong><br \/>\nDas Dorf liegt 2 Kilometer von Drag\u00f6r entfernt. Die holl\u00e4ndischen Bauern, die K\u00f6nig Christian 2. 1521 ins Land holte, siedelten sich hier an und z\u00fcchteten Gem\u00fcse vor allem f\u00fcr die k\u00f6nigliche K\u00fcche. Die urspr\u00fcnglichen Bewohner mussten ihre H\u00f6fe verlassen, als die Holl\u00e4nder Store Magleby \u00fcbernahmen<\/p>\n<p>Die Holl\u00e4nder schufen ihre eigene gut organisierte Dorfgemeinschaft aus der Grundlage besonderer k\u00f6niglicher Privilegien, die die \u00fcbrigen Bauern auf Amager nicht hatten. Sie pflegten ihre eigenen Gebr\u00e4uche und ihre Sprache. Bis 1811 wurde in der Kirche von Store Magleby auf Holl\u00e4ndisch gepredigt. Bald war Amager dank der t\u00fcchtigen holl\u00e4ndischen G\u00e4rtner der K\u00fcchengarten nicht nur des Hofes, sondern ganz Kopenhagens. Kopenhagener K\u00f6chinnen und Hausfrauen dr\u00e4ngten sich an den Marktagen auf Amager um die \u00fcbervollen Verkaufswagen der Holl\u00e4nder.<\/p>\n<p>Die alten holl\u00e4ndischen H\u00f6fe fielen im 17.Jahrhundert und 1809 und 1821 samt uns sonders den Flammen zum Opfer. Die Anlage des Dorfes in offenen Land mit gr\u00fcnen Keilen zwischen den H\u00f6fen ist jedoch bis auf den heutigen Tag deutlich sichtbar.<\/p>\n<p>Das Amager Museum ist in zwei alten H\u00f6fen an der Hauptstrasse untergebracht. Es besitzt einen umfassende Sammlung von Trachten, Interieurs, Gem\u00e4lden usw., die die besondere Geschichte des Ortes schildert.[\/vc_column_text][nectar_btn size=&#8220;large&#8220; open_new_tab=&#8220;true&#8220; button_style=&#8220;see-through-2&#8243; color_override=&#8220;#e7941a&#8220; hover_text_color_override=&#8220;#ffffff&#8220; icon_family=&#8220;none&#8220; url=&#8220;https:\/\/v3.onlinebooking.dk\/v3copcamp?lang=DE&#8220; text=&#8220;Buchen Sie Urlaub&#8220; margin_top=&#8220;30&#8243;][\/vc_column_inner][\/vc_row_inner][\/vc_column][\/vc_row]\n","protected":false},"excerpt":{"rendered":"<p>[vc_row type=&#8220;full_width_content&#8220; full_screen_row_position=&#8220;middle&#8220; column_margin=&#8220;default&#8220; equal_height=&#8220;yes&#8220; content_placement=&#8220;middle&#8220; column_direction=&#8220;default&#8220; column_direction_tablet=&#8220;default&#8220; column_direction_phone=&#8220;default&#8220; bg_color=&#8220;#ffffff&#8220; scene_position=&#8220;center&#8220; text_color=&#8220;dark&#8220; text_align=&#8220;left&#8220; row_border_radius=&#8220;none&#8220; row_border_radius_applies=&#8220;bg&#8220; overlay_strength=&#8220;0.3&#8243; gradient_direction=&#8220;left_to_right&#8220; shape_divider_position=&#8220;bottom&#8220; bg_image_animation=&#8220;none&#8220;][vc_column column_padding=&#8220;padding-4-percent&#8220; column_padding_tablet=&#8220;inherit&#8220; column_padding_phone=&#8220;inherit&#8220; column_padding_position=&#8220;all&#8220; background_color=&#8220;#ffffff&#8220; background_color_opacity=&#8220;1&#8243; background_hover_color_opacity=&#8220;1&#8243; column_shadow=&#8220;none&#8220; column_border_radius=&#8220;none&#8220; column_link_target=&#8220;_self&#8220; gradient_direction=&#8220;left_to_right&#8220;&#8230;<\/p>\n","protected":false},"author":3,"featured_media":0,"parent":0,"menu_order":0,"comment_status":"closed","ping_status":"closed","template":"","meta":{"footnotes":""},"class_list":["post-399","page","type-page","status-publish"],"yoast_head":"<!-- This site is optimized with the Yoast SEO plugin v25.9 - https:\/\/yoast.com\/wordpress\/plugins\/seo\/ -->\n<title>Drag\u00f8r - Copenhagen Camping<\/title>\n<meta name=\"robots\" content=\"index, follow, max-snippet:-1, max-image-preview:large, max-video-preview:-1\" \/>\n<link rel=\"canonical\" href=\"https:\/\/www.copenhagencamping.dk\/de\/dragoer\/\" \/>\n<meta property=\"og:locale\" content=\"de_DE\" \/>\n<meta property=\"og:type\" content=\"article\" \/>\n<meta property=\"og:title\" content=\"Drag\u00f8r - Copenhagen Camping\" \/>\n<meta property=\"og:description\" content=\"[vc_row type=&#8220;full_width_content&#8220; full_screen_row_position=&#8220;middle&#8220; column_margin=&#8220;default&#8220; equal_height=&#8220;yes&#8220; content_placement=&#8220;middle&#8220; column_direction=&#8220;default&#8220; column_direction_tablet=&#8220;default&#8220; column_direction_phone=&#8220;default&#8220; bg_color=&#8220;#ffffff&#8220; scene_position=&#8220;center&#8220; text_color=&#8220;dark&#8220; text_align=&#8220;left&#8220; row_border_radius=&#8220;none&#8220; row_border_radius_applies=&#8220;bg&#8220; overlay_strength=&#8220;0.3&#8243; gradient_direction=&#8220;left_to_right&#8220; shape_divider_position=&#8220;bottom&#8220; bg_image_animation=&#8220;none&#8220;][vc_column column_padding=&#8220;padding-4-percent&#8220; column_padding_tablet=&#8220;inherit&#8220; column_padding_phone=&#8220;inherit&#8220; column_padding_position=&#8220;all&#8220; background_color=&#8220;#ffffff&#8220; background_color_opacity=&#8220;1&#8243; background_hover_color_opacity=&#8220;1&#8243; column_shadow=&#8220;none&#8220; column_border_radius=&#8220;none&#8220; column_link_target=&#8220;_self&#8220; gradient_direction=&#8220;left_to_right&#8220;...\" \/>\n<meta property=\"og:url\" content=\"https:\/\/www.copenhagencamping.dk\/de\/dragoer\/\" \/>\n<meta property=\"og:site_name\" content=\"Copenhagen Camping\" \/>\n<meta property=\"article:modified_time\" content=\"2026-03-24T20:40:52+00:00\" \/>\n<meta name=\"twitter:card\" content=\"summary_large_image\" \/>\n<meta name=\"twitter:label1\" content=\"Gesch\u00e4tzte Lesezeit\" \/>\n\t<meta name=\"twitter:data1\" content=\"4\u00a0Minuten\" \/>\n<script type=\"application\/ld+json\" class=\"yoast-schema-graph\">{\"@context\":\"https:\/\/schema.org\",\"@graph\":[{\"@type\":\"WebPage\",\"@id\":\"https:\/\/www.copenhagencamping.dk\/de\/dragoer\/\",\"url\":\"https:\/\/www.copenhagencamping.dk\/de\/dragoer\/\",\"name\":\"Drag\u00f8r - Copenhagen Camping\",\"isPartOf\":{\"@id\":\"https:\/\/www.copenhagencamping.dk\/#website\"},\"datePublished\":\"2020-09-07T13:34:16+00:00\",\"dateModified\":\"2026-03-24T20:40:52+00:00\",\"breadcrumb\":{\"@id\":\"https:\/\/www.copenhagencamping.dk\/de\/dragoer\/#breadcrumb\"},\"inLanguage\":\"de\",\"potentialAction\":[{\"@type\":\"ReadAction\",\"target\":[\"https:\/\/www.copenhagencamping.dk\/de\/dragoer\/\"]}]},{\"@type\":\"BreadcrumbList\",\"@id\":\"https:\/\/www.copenhagencamping.dk\/de\/dragoer\/#breadcrumb\",\"itemListElement\":[{\"@type\":\"ListItem\",\"position\":1,\"name\":\"Hjem\",\"item\":\"https:\/\/www.copenhagencamping.dk\/de\/\"},{\"@type\":\"ListItem\",\"position\":2,\"name\":\"Drag\u00f8r\"}]},{\"@type\":\"WebSite\",\"@id\":\"https:\/\/www.copenhagencamping.dk\/#website\",\"url\":\"https:\/\/www.copenhagencamping.dk\/\",\"name\":\"Copenhagen Camping\",\"description\":\"\",\"potentialAction\":[{\"@type\":\"SearchAction\",\"target\":{\"@type\":\"EntryPoint\",\"urlTemplate\":\"https:\/\/www.copenhagencamping.dk\/?s={search_term_string}\"},\"query-input\":{\"@type\":\"PropertyValueSpecification\",\"valueRequired\":true,\"valueName\":\"search_term_string\"}}],\"inLanguage\":\"de\"}]}<\/script>\n<!-- \/ Yoast SEO plugin. -->","yoast_head_json":{"title":"Drag\u00f8r - Copenhagen Camping","robots":{"index":"index","follow":"follow","max-snippet":"max-snippet:-1","max-image-preview":"max-image-preview:large","max-video-preview":"max-video-preview:-1"},"canonical":"https:\/\/www.copenhagencamping.dk\/de\/dragoer\/","og_locale":"de_DE","og_type":"article","og_title":"Drag\u00f8r - Copenhagen Camping","og_description":"[vc_row type=&#8220;full_width_content&#8220; full_screen_row_position=&#8220;middle&#8220; column_margin=&#8220;default&#8220; equal_height=&#8220;yes&#8220; content_placement=&#8220;middle&#8220; column_direction=&#8220;default&#8220; column_direction_tablet=&#8220;default&#8220; column_direction_phone=&#8220;default&#8220; bg_color=&#8220;#ffffff&#8220; scene_position=&#8220;center&#8220; text_color=&#8220;dark&#8220; text_align=&#8220;left&#8220; row_border_radius=&#8220;none&#8220; row_border_radius_applies=&#8220;bg&#8220; overlay_strength=&#8220;0.3&#8243; gradient_direction=&#8220;left_to_right&#8220; shape_divider_position=&#8220;bottom&#8220; bg_image_animation=&#8220;none&#8220;][vc_column column_padding=&#8220;padding-4-percent&#8220; column_padding_tablet=&#8220;inherit&#8220; column_padding_phone=&#8220;inherit&#8220; column_padding_position=&#8220;all&#8220; background_color=&#8220;#ffffff&#8220; background_color_opacity=&#8220;1&#8243; background_hover_color_opacity=&#8220;1&#8243; column_shadow=&#8220;none&#8220; column_border_radius=&#8220;none&#8220; column_link_target=&#8220;_self&#8220; gradient_direction=&#8220;left_to_right&#8220;...","og_url":"https:\/\/www.copenhagencamping.dk\/de\/dragoer\/","og_site_name":"Copenhagen Camping","article_modified_time":"2026-03-24T20:40:52+00:00","twitter_card":"summary_large_image","twitter_misc":{"Gesch\u00e4tzte Lesezeit":"4\u00a0Minuten"},"schema":{"@context":"https:\/\/schema.org","@graph":[{"@type":"WebPage","@id":"https:\/\/www.copenhagencamping.dk\/de\/dragoer\/","url":"https:\/\/www.copenhagencamping.dk\/de\/dragoer\/","name":"Drag\u00f8r - Copenhagen Camping","isPartOf":{"@id":"https:\/\/www.copenhagencamping.dk\/#website"},"datePublished":"2020-09-07T13:34:16+00:00","dateModified":"2026-03-24T20:40:52+00:00","breadcrumb":{"@id":"https:\/\/www.copenhagencamping.dk\/de\/dragoer\/#breadcrumb"},"inLanguage":"de","potentialAction":[{"@type":"ReadAction","target":["https:\/\/www.copenhagencamping.dk\/de\/dragoer\/"]}]},{"@type":"BreadcrumbList","@id":"https:\/\/www.copenhagencamping.dk\/de\/dragoer\/#breadcrumb","itemListElement":[{"@type":"ListItem","position":1,"name":"Hjem","item":"https:\/\/www.copenhagencamping.dk\/de\/"},{"@type":"ListItem","position":2,"name":"Drag\u00f8r"}]},{"@type":"WebSite","@id":"https:\/\/www.copenhagencamping.dk\/#website","url":"https:\/\/www.copenhagencamping.dk\/","name":"Copenhagen Camping","description":"","potentialAction":[{"@type":"SearchAction","target":{"@type":"EntryPoint","urlTemplate":"https:\/\/www.copenhagencamping.dk\/?s={search_term_string}"},"query-input":{"@type":"PropertyValueSpecification","valueRequired":true,"valueName":"search_term_string"}}],"inLanguage":"de"}]}},"_links":{"self":[{"href":"https:\/\/www.copenhagencamping.dk\/de\/wp-json\/wp\/v2\/pages\/399\/"}],"collection":[{"href":"https:\/\/www.copenhagencamping.dk\/de\/wp-json\/wp\/v2\/pages\/"}],"about":[{"href":"https:\/\/www.copenhagencamping.dk\/de\/wp-json\/wp\/v2\/types\/page\/"}],"author":[{"embeddable":true,"href":"https:\/\/www.copenhagencamping.dk\/de\/wp-json\/wp\/v2\/users\/3\/"}],"replies":[{"embeddable":true,"href":"https:\/\/www.copenhagencamping.dk\/de\/wp-json\/wp\/v2\/comments\/?post=399"}],"version-history":[{"count":1,"href":"https:\/\/www.copenhagencamping.dk\/de\/wp-json\/wp\/v2\/pages\/399\/revisions\/"}],"predecessor-version":[{"id":4162,"href":"https:\/\/www.copenhagencamping.dk\/de\/wp-json\/wp\/v2\/pages\/399\/revisions\/4162\/"}],"wp:attachment":[{"href":"https:\/\/www.copenhagencamping.dk\/de\/wp-json\/wp\/v2\/media\/?parent=399"}],"curies":[{"name":"wp","href":"https:\/\/api.w.org\/{rel}","templated":true}]}}